{"id":9558,"date":"2023-12-14T18:56:20","date_gmt":"2023-12-14T17:56:20","guid":{"rendered":"https:\/\/www.vexe.es\/acces-al-campus-de-vexe\/"},"modified":"2024-04-01T12:06:04","modified_gmt":"2024-04-01T10:06:04","slug":"acces-al-campus-de-vexe","status":"publish","type":"page","link":"https:\/\/www.vexe.es\/ca\/acces-al-campus-de-vexe\/","title":{"rendered":"Acc\u00e9s al campus"},"content":{"rendered":"\t\t<div data-elementor-type=\"wp-page\" data-elementor-id=\"9558\" class=\"elementor elementor-9558 elementor-9536\" data-elementor-post-type=\"page\">\n\t\t\t\t\t\t<section class=\"elementor-section elementor-top-section elementor-element elementor-element-dea02c3 elementor-section-boxed elementor-section-height-default elementor-section-height-default\" data-id=\"dea02c3\" data-element_type=\"section\" data-settings=\"{&quot;background_background&quot;:&quot;classic&quot;}\">\n\t\t\t\t\t\t<div class=\"elementor-container elementor-column-gap-wide\">\n\t\t\t\t\t<div class=\"elementor-column elementor-col-50 elementor-top-column elementor-element elementor-element-ea57424\" data-id=\"ea57424\" data-element_type=\"column\">\n\t\t\t<div class=\"elementor-widget-wrap elementor-element-populated\">\n\t\t\t\t\t\t<div class=\"elementor-element elementor-element-1fb19ad elementor-widget elementor-widget-text-editor\" data-id=\"1fb19ad\" data-element_type=\"widget\" data-widget_type=\"text-editor.default\">\n\t\t\t\t<div class=\"elementor-widget-container\">\n\t\t\t\t\t\t\t\t\t<p>Descobreix una experi\u00e8ncia d&#8217;aprenentatge excepcional al campus de formaci\u00f3 de VEXE.<\/p>\n<p>La nostra plataforma, dissenyada per a la teva comoditat, t&#8217;ofereix un entorn educatiu f\u00e0cil i intu\u00eftiu. Accedeix a una \u00e0mplia varietat de cursos dissenyats per a potenciar les teves habilitats professionals.<\/p>\n<p>A m\u00e9s, la nostra interf\u00edcie amigable facilita la navegaci\u00f3, permetent-te aprofitar al m\u00e0xim cada recurs. Uneix-te a la comunitat VEXE i transforma el teu cam\u00ed educatiu.<\/p>\n\t\t\t\t\t\t\t\t<\/div>\n\t\t\t\t<\/div>\n\t\t\t\t<div class=\"elementor-element elementor-element-cfb5362 elementor-widget elementor-widget-spacer\" data-id=\"cfb5362\" data-element_type=\"widget\" data-widget_type=\"spacer.default\">\n\t\t\t\t<div class=\"elementor-widget-container\">\n\t\t\t\t\t\t\t<div class=\"elementor-spacer\">\n\t\t\t<div class=\"elementor-spacer-inner\"><\/div>\n\t\t<\/div>\n\t\t\t\t\t\t<\/div>\n\t\t\t\t<\/div>\n\t\t\t\t<div class=\"elementor-element elementor-element-9794548 elementor-widget__width-auto elementor-mobile-align-center elementor-widget-mobile__width-inherit elementor-widget elementor-widget-the7_button_widget\" data-id=\"9794548\" data-element_type=\"widget\" data-widget_type=\"the7_button_widget.default\">\n\t\t\t\t<div class=\"elementor-widget-container\">\n\t\t\t\t\t<div class=\"elementor-button-wrapper\"><a href=\"https:\/\/training.vexe.es\/\" target=\"_blank\" rel=\"nofollow\" class=\"box-button elementor-button elementor-size-lg\">Prem aqu\u00ed per a entrar a la plataforma de formaci\u00f3<\/a><\/div>\t\t\t\t<\/div>\n\t\t\t\t<\/div>\n\t\t\t\t\t<\/div>\n\t\t<\/div>\n\t\t\t\t<div class=\"elementor-column elementor-col-50 elementor-top-column elementor-element elementor-element-083c9c1\" data-id=\"083c9c1\" data-element_type=\"column\">\n\t\t\t<div class=\"elementor-widget-wrap elementor-element-populated\">\n\t\t\t\t\t\t<section class=\"elementor-section elementor-inner-section elementor-element elementor-element-b05dbee elementor-section-boxed elementor-section-height-default elementor-section-height-default\" data-id=\"b05dbee\" data-element_type=\"section\">\n\t\t\t\t\t\t<div class=\"elementor-container elementor-column-gap-no\">\n\t\t\t\t\t<div class=\"elementor-column elementor-col-100 elementor-inner-column elementor-element elementor-element-d70d5ad\" data-id=\"d70d5ad\" data-element_type=\"column\">\n\t\t\t<div class=\"elementor-widget-wrap elementor-element-populated\">\n\t\t\t\t\t\t<div class=\"elementor-element elementor-element-1a2966f elementor-widget elementor-widget-image\" data-id=\"1a2966f\" data-element_type=\"widget\" data-widget_type=\"image.default\">\n\t\t\t\t<div class=\"elementor-widget-container\">\n\t\t\t\t\t\t\t\t\t\t\t\t\t\t\t<img fetchpriority=\"high\" decoding=\"async\" width=\"1024\" height=\"683\" src=\"https:\/\/www.vexe.es\/wp-content\/uploads\/2020\/04\/CursoEspecializadoSobreDeteccionPrevencionRespuestaContraFraudesInternet.jpg\" class=\"attachment-large size-large wp-image-9277\" alt=\"\" srcset=\"https:\/\/www.vexe.es\/wp-content\/uploads\/2020\/04\/CursoEspecializadoSobreDeteccionPrevencionRespuestaContraFraudesInternet.jpg 1024w, https:\/\/www.vexe.es\/wp-content\/uploads\/2020\/04\/CursoEspecializadoSobreDeteccionPrevencionRespuestaContraFraudesInternet-300x200.jpg 300w, https:\/\/www.vexe.es\/wp-content\/uploads\/2020\/04\/CursoEspecializadoSobreDeteccionPrevencionRespuestaContraFraudesInternet-768x512.jpg 768w\" sizes=\"(max-width: 1024px) 100vw, 1024px\" \/>\t\t\t\t\t\t\t\t\t\t\t\t\t\t\t<\/div>\n\t\t\t\t<\/div>\n\t\t\t\t\t<\/div>\n\t\t<\/div>\n\t\t\t\t\t<\/div>\n\t\t<\/section>\n\t\t\t\t\t<\/div>\n\t\t<\/div>\n\t\t\t\t\t<\/div>\n\t\t<\/section>\n\t\t\t\t<\/div>\n\t\t","protected":false},"excerpt":{"rendered":"<p>Descobreix una experi\u00e8ncia d&#8217;aprenentatge excepcional al campus de formaci\u00f3 de VEXE. La nostra plataforma, dissenyada per a la teva comoditat, t&#8217;ofereix un entorn educatiu f\u00e0cil i intu\u00eftiu. Accedeix a una \u00e0mplia varietat de cursos dissenyats per a potenciar les teves habilitats professionals. A m\u00e9s, la nostra interf\u00edcie amigable facilita la navegaci\u00f3, permetent-te aprofitar al m\u00e0xim&hellip;<\/p>\n","protected":false},"author":1,"featured_media":0,"parent":0,"menu_order":0,"comment_status":"closed","ping_status":"closed","template":"","meta":{"footnotes":""},"course_category":[],"class_list":["post-9558","page","type-page","status-publish","hentry"],"_links":{"self":[{"href":"https:\/\/www.vexe.es\/ca\/wp-json\/wp\/v2\/pages\/9558","targetHints":{"allow":["GET"]}}],"collection":[{"href":"https:\/\/www.vexe.es\/ca\/wp-json\/wp\/v2\/pages"}],"about":[{"href":"https:\/\/www.vexe.es\/ca\/wp-json\/wp\/v2\/types\/page"}],"author":[{"embeddable":true,"href":"https:\/\/www.vexe.es\/ca\/wp-json\/wp\/v2\/users\/1"}],"replies":[{"embeddable":true,"href":"https:\/\/www.vexe.es\/ca\/wp-json\/wp\/v2\/comments?post=9558"}],"version-history":[{"count":5,"href":"https:\/\/www.vexe.es\/ca\/wp-json\/wp\/v2\/pages\/9558\/revisions"}],"predecessor-version":[{"id":9790,"href":"https:\/\/www.vexe.es\/ca\/wp-json\/wp\/v2\/pages\/9558\/revisions\/9790"}],"wp:attachment":[{"href":"https:\/\/www.vexe.es\/ca\/wp-json\/wp\/v2\/media?parent=9558"}],"wp:term":[{"taxonomy":"course_category","embeddable":true,"href":"https:\/\/www.vexe.es\/ca\/wp-json\/wp\/v2\/course_category?post=9558"}],"curies":[{"name":"wp","href":"https:\/\/api.w.org\/{rel}","templated":true}]}}