{"id":9160,"date":"2020-03-31T15:51:03","date_gmt":"2020-03-31T13:51:03","guid":{"rendered":"https:\/\/www.vexe.es\/els-nostres-tutors\/"},"modified":"2023-12-06T14:45:29","modified_gmt":"2023-12-06T13:45:29","slug":"els-nostres-tutors","status":"publish","type":"page","link":"https:\/\/www.vexe.es\/ca\/els-nostres-tutors\/","title":{"rendered":"Els nostres tutors"},"content":{"rendered":"\t\t<div data-elementor-type=\"wp-page\" data-elementor-id=\"9160\" class=\"elementor elementor-9160 elementor-424\" data-elementor-post-type=\"page\">\n\t\t\t\t\t\t<section class=\"elementor-section elementor-top-section elementor-element elementor-element-4b07ace elementor-section-boxed elementor-section-height-default elementor-section-height-default\" data-id=\"4b07ace\" data-element_type=\"section\">\n\t\t\t\t\t\t<div class=\"elementor-container elementor-column-gap-wide\">\n\t\t\t\t\t<div class=\"elementor-column elementor-col-100 elementor-top-column elementor-element elementor-element-9e8fd24\" data-id=\"9e8fd24\" data-element_type=\"column\">\n\t\t\t<div class=\"elementor-widget-wrap elementor-element-populated\">\n\t\t\t\t\t\t<div class=\"elementor-element elementor-element-7e5906b img-align-top image-vertical-align-center slide-h-position-center icon-box-vertical-align-top preserve-img-ratio-cover elementor-widget elementor-widget-the7-elements-simple-posts\" data-id=\"7e5906b\" data-element_type=\"widget\" data-widget_type=\"the7-elements-simple-posts.default\">\n\t\t\t\t<div class=\"elementor-widget-container\">\n\t\t\t\t\t<div class=\"the7-simple-widget-posts the7-elementor-widget the7-elements-simple-posts-7e5906b\" data-post-limit=\"-1\" data-pagination-mode=\"standard\" data-scroll-offset=\"\">\t\t\t<div class=\"dt-css-grid custom-pagination-handler\" data-columns=\"{&quot;d&quot;:4,&quot;t&quot;:3,&quot;p&quot;:1,&quot;wd&quot;:&quot;&quot;}\">\n\t\t\t\t\t\t\t\t\t<div class=\"wf-cell visible \">\n\t\t\t\t\t\t<article class=\"post visible wrapper post-9480 our_team type-our_team status-publish has-post-thumbnail hentry\">\n\n\t\t\t\t\t\t\t<div class=\"post-content-wrapper\">\n\t\t\t\t\t\t\t\t\t\t\t\t\t\t\t\t\t<div class=\"the7-simple-post-thumb\">\n\t\t\t\t\t\t\t\t\t\t<a class=\"post-thumbnail-rollover layzr-bg img-css-resize-wrapper\" aria-label=\"Post image\" href=\"https:\/\/www.vexe.es\/ca\/our_team\/jose-navarro\/\"><img fetchpriority=\"high\" decoding=\"async\" width=\"500\" height=\"501\" src=\"data:image\/svg+xml,%3Csvg%20xmlns%3D&#039;http%3A%2F%2Fwww.w3.org%2F2000%2Fsvg&#039;%20viewBox%3D&#039;0%200%20500%20501&#039;%2F%3E\" class=\"attachment-full size-full preload-me aspect lazy lazy-load\" alt=\"\" sizes=\"(max-width: 500px) 100vw, 500px\" style=\"--ratio: 500 \/ 501;\" data-src=\"https:\/\/www.vexe.es\/wp-content\/uploads\/2020\/04\/JoseNavarro.jpg\" loading=\"eager\" data-srcset=\"https:\/\/www.vexe.es\/wp-content\/uploads\/2020\/04\/JoseNavarro.jpg 500w, https:\/\/www.vexe.es\/wp-content\/uploads\/2020\/04\/JoseNavarro-300x300.jpg 300w, https:\/\/www.vexe.es\/wp-content\/uploads\/2020\/04\/JoseNavarro-150x150.jpg 150w\" \/><span class=\"the7-hover-icon\"><svg xmlns=\"http:\/\/www.w3.org\/2000\/svg\" viewBox=\"0 0 24 24\" width=\"24\" height=\"24\"><path fill=\"none\" d=\"M0 0h24v24H0z\"><\/path><path d=\"M4.5 10.5c-.825 0-1.5.675-1.5 1.5s.675 1.5 1.5 1.5S6 12.825 6 12s-.675-1.5-1.5-1.5zm15 0c-.825 0-1.5.675-1.5 1.5s.675 1.5 1.5 1.5S21 12.825 21 12s-.675-1.5-1.5-1.5zm-7.5 0c-.825 0-1.5.675-1.5 1.5s.675 1.5 1.5 1.5 1.5-.675 1.5-1.5-.675-1.5-1.5-1.5z\"><\/path><\/svg><\/span><\/a>\t\t\t\t\t\t\t\t\t<\/div>\n\t\t\t\t\t\t\t\t\t\t\t\t\t\t\t\t<div class=\"post-entry-content\">\n\t\t\t\t\t\t\t\t\t<h5 class=\"heading\"><a href=\"https:\/\/www.vexe.es\/ca\/our_team\/jose-navarro\/\" rel=\"bookmark\" title=\"Jos\u00e9 Navarro\" class=\"post-title\">Jos\u00e9 Navarro<\/a><\/h5><p class=\"short-description\"><b>TUTOR<\/b><br>\nP\u00e8rit Inform\u00e0tic Forense, M\u00e0ster en Seguretat Inform\u00e0tica, M\u00e0ster en Intel\u00b7lig\u00e8ncia Artificial, Doctor en Ci\u00e8ncies F\u00edsiques.<br>\nHa exercit com a professor en la Universitat Internacional de La Rioja (UNIR) i en la Universitat Abad Oliva CEU (UAO).\n<\/p>\t\t\t\t\t\t\t\t<\/div>\n\t\t\t\t\t\t\t<\/div>\n\t\t\t\t\t\t<\/article>\n\t\t\t\t\t<\/div>\t\t\t\t\t\t\t\t\t\t<div class=\"wf-cell visible \">\n\t\t\t\t\t\t<article class=\"post visible wrapper post-9482 our_team type-our_team status-publish has-post-thumbnail hentry\">\n\n\t\t\t\t\t\t\t<div class=\"post-content-wrapper\">\n\t\t\t\t\t\t\t\t\t\t\t\t\t\t\t\t\t<div class=\"the7-simple-post-thumb\">\n\t\t\t\t\t\t\t\t\t\t<a class=\"post-thumbnail-rollover layzr-bg img-css-resize-wrapper\" aria-label=\"Post image\" href=\"https:\/\/www.vexe.es\/ca\/our_team\/eduard-mateo\/\"><img decoding=\"async\" width=\"473\" height=\"542\" src=\"data:image\/svg+xml,%3Csvg%20xmlns%3D&#039;http%3A%2F%2Fwww.w3.org%2F2000%2Fsvg&#039;%20viewBox%3D&#039;0%200%20473%20542&#039;%2F%3E\" class=\"attachment-full size-full preload-me aspect lazy lazy-load\" alt=\"\" sizes=\"(max-width: 473px) 100vw, 473px\" style=\"--ratio: 473 \/ 542;\" data-src=\"https:\/\/www.vexe.es\/wp-content\/uploads\/2020\/04\/EduardoMateo-1.jpg\" loading=\"eager\" data-srcset=\"https:\/\/www.vexe.es\/wp-content\/uploads\/2020\/04\/EduardoMateo-1.jpg 473w, https:\/\/www.vexe.es\/wp-content\/uploads\/2020\/04\/EduardoMateo-1-262x300.jpg 262w\" \/><span class=\"the7-hover-icon\"><svg xmlns=\"http:\/\/www.w3.org\/2000\/svg\" viewBox=\"0 0 24 24\" width=\"24\" height=\"24\"><path fill=\"none\" d=\"M0 0h24v24H0z\"><\/path><path d=\"M4.5 10.5c-.825 0-1.5.675-1.5 1.5s.675 1.5 1.5 1.5S6 12.825 6 12s-.675-1.5-1.5-1.5zm15 0c-.825 0-1.5.675-1.5 1.5s.675 1.5 1.5 1.5S21 12.825 21 12s-.675-1.5-1.5-1.5zm-7.5 0c-.825 0-1.5.675-1.5 1.5s.675 1.5 1.5 1.5 1.5-.675 1.5-1.5-.675-1.5-1.5-1.5z\"><\/path><\/svg><\/span><\/a>\t\t\t\t\t\t\t\t\t<\/div>\n\t\t\t\t\t\t\t\t\t\t\t\t\t\t\t\t<div class=\"post-entry-content\">\n\t\t\t\t\t\t\t\t\t<h5 class=\"heading\"><a href=\"https:\/\/www.vexe.es\/ca\/our_team\/eduard-mateo\/\" rel=\"bookmark\" title=\"Eduard Mateo\" class=\"post-title\">Eduard Mateo<\/a><\/h5><p class=\"short-description\"><b>TUTOR<\/b><br>\nAuditor Inform\u00e0tic CISA (Certified Information Systems Auditor by ISACA) i P\u00e8rit Inform\u00e0tic Judicial.<br>\nHa exercit com a professor d'Auditoria Inform\u00e0tica a ISACA i \u00e9s professor de Protecci\u00f3 de Dades i de Privacitat de la Informaci\u00f3 a Exartia Auditors Inform\u00e0tics.\n<\/p>\t\t\t\t\t\t\t\t<\/div>\n\t\t\t\t\t\t\t<\/div>\n\t\t\t\t\t\t<\/article>\n\t\t\t\t\t<\/div>\t\t\t\t\t\t\t\t\t\t<div class=\"wf-cell visible \">\n\t\t\t\t\t\t<article class=\"post visible wrapper post-9495 our_team type-our_team status-publish has-post-thumbnail hentry\">\n\n\t\t\t\t\t\t\t<div class=\"post-content-wrapper\">\n\t\t\t\t\t\t\t\t\t\t\t\t\t\t\t\t\t<div class=\"the7-simple-post-thumb\">\n\t\t\t\t\t\t\t\t\t\t<a class=\"post-thumbnail-rollover layzr-bg img-css-resize-wrapper\" aria-label=\"Post image\" href=\"https:\/\/www.vexe.es\/ca\/our_team\/ruben-pujol\/\"><img decoding=\"async\" width=\"480\" height=\"541\" src=\"data:image\/svg+xml,%3Csvg%20xmlns%3D&#039;http%3A%2F%2Fwww.w3.org%2F2000%2Fsvg&#039;%20viewBox%3D&#039;0%200%20480%20541&#039;%2F%3E\" class=\"attachment-full size-full preload-me aspect lazy lazy-load\" alt=\"\" sizes=\"(max-width: 480px) 100vw, 480px\" style=\"--ratio: 480 \/ 541;\" data-src=\"https:\/\/www.vexe.es\/wp-content\/uploads\/2020\/04\/RubenPujol.jpg\" loading=\"eager\" data-srcset=\"https:\/\/www.vexe.es\/wp-content\/uploads\/2020\/04\/RubenPujol.jpg 480w, https:\/\/www.vexe.es\/wp-content\/uploads\/2020\/04\/RubenPujol-266x300.jpg 266w\" \/><span class=\"the7-hover-icon\"><svg xmlns=\"http:\/\/www.w3.org\/2000\/svg\" viewBox=\"0 0 24 24\" width=\"24\" height=\"24\"><path fill=\"none\" d=\"M0 0h24v24H0z\"><\/path><path d=\"M4.5 10.5c-.825 0-1.5.675-1.5 1.5s.675 1.5 1.5 1.5S6 12.825 6 12s-.675-1.5-1.5-1.5zm15 0c-.825 0-1.5.675-1.5 1.5s.675 1.5 1.5 1.5S21 12.825 21 12s-.675-1.5-1.5-1.5zm-7.5 0c-.825 0-1.5.675-1.5 1.5s.675 1.5 1.5 1.5 1.5-.675 1.5-1.5-.675-1.5-1.5-1.5z\"><\/path><\/svg><\/span><\/a>\t\t\t\t\t\t\t\t\t<\/div>\n\t\t\t\t\t\t\t\t\t\t\t\t\t\t\t\t<div class=\"post-entry-content\">\n\t\t\t\t\t\t\t\t\t<h5 class=\"heading\"><a href=\"https:\/\/www.vexe.es\/ca\/our_team\/ruben-pujol\/\" rel=\"bookmark\" title=\"Rub\u00e9n Pujol\" class=\"post-title\">Rub\u00e9n Pujol<\/a><\/h5><p class=\"short-description\"><b>TUTOR<\/b><br>\nP\u00e8rit Inform\u00e0tic Forense, Detectiu Privat, Director de Seguretat, Auditor de Qualitat, Llicenciat en Criminologia, M\u00e0ster en Criminologia, Pol\u00edtica Criminal i Seguretat.<br>Ha exercit com a professor en la Universitat de Barcelona (UB) i en la Universitat Oberta de Catalunya (UOC).\n\n\n<\/p>\t\t\t\t\t\t\t\t<\/div>\n\t\t\t\t\t\t\t<\/div>\n\t\t\t\t\t\t<\/article>\n\t\t\t\t\t<\/div>\t\t\t\t\t\t\t\t\t\t<div class=\"wf-cell visible \">\n\t\t\t\t\t\t<article class=\"post visible wrapper post-9497 our_team type-our_team status-publish has-post-thumbnail hentry\">\n\n\t\t\t\t\t\t\t<div class=\"post-content-wrapper\">\n\t\t\t\t\t\t\t\t\t\t\t\t\t\t\t\t\t<div class=\"the7-simple-post-thumb\">\n\t\t\t\t\t\t\t\t\t\t<a class=\"post-thumbnail-rollover layzr-bg img-css-resize-wrapper\" aria-label=\"Post image\" href=\"https:\/\/www.vexe.es\/ca\/our_team\/samuel-guerrero\/\"><img decoding=\"async\" width=\"384\" height=\"400\" src=\"data:image\/svg+xml,%3Csvg%20xmlns%3D&#039;http%3A%2F%2Fwww.w3.org%2F2000%2Fsvg&#039;%20viewBox%3D&#039;0%200%20384%20400&#039;%2F%3E\" class=\"attachment-full size-full preload-me aspect lazy lazy-load\" alt=\"\" sizes=\"(max-width: 384px) 100vw, 384px\" style=\"--ratio: 384 \/ 400;\" data-src=\"https:\/\/www.vexe.es\/wp-content\/uploads\/2020\/04\/SamuelGuerrero-2.jpg\" loading=\"eager\" data-srcset=\"https:\/\/www.vexe.es\/wp-content\/uploads\/2020\/04\/SamuelGuerrero-2.jpg 384w, https:\/\/www.vexe.es\/wp-content\/uploads\/2020\/04\/SamuelGuerrero-2-288x300.jpg 288w\" \/><span class=\"the7-hover-icon\"><svg xmlns=\"http:\/\/www.w3.org\/2000\/svg\" viewBox=\"0 0 24 24\" width=\"24\" height=\"24\"><path fill=\"none\" d=\"M0 0h24v24H0z\"><\/path><path d=\"M4.5 10.5c-.825 0-1.5.675-1.5 1.5s.675 1.5 1.5 1.5S6 12.825 6 12s-.675-1.5-1.5-1.5zm15 0c-.825 0-1.5.675-1.5 1.5s.675 1.5 1.5 1.5S21 12.825 21 12s-.675-1.5-1.5-1.5zm-7.5 0c-.825 0-1.5.675-1.5 1.5s.675 1.5 1.5 1.5 1.5-.675 1.5-1.5-.675-1.5-1.5-1.5z\"><\/path><\/svg><\/span><\/a>\t\t\t\t\t\t\t\t\t<\/div>\n\t\t\t\t\t\t\t\t\t\t\t\t\t\t\t\t<div class=\"post-entry-content\">\n\t\t\t\t\t\t\t\t\t<h5 class=\"heading\"><a href=\"https:\/\/www.vexe.es\/ca\/our_team\/samuel-guerrero\/\" rel=\"bookmark\" title=\"Samuel Guerrero\" class=\"post-title\">Samuel Guerrero<\/a><\/h5><p class=\"short-description\"><b>TUTOR<\/b><br>\nAdvocat Penalista especialitzat en Noves Tecnologies i Compliance penal<br>\nExerceix com a professor de Cibercriminalitat, Dret Penal i Dret Penal Econ\u00f2mic en la Universitat de Barcelona (UB) i en la Universitat Oberta de Catalunya (UOC).<\/p>\t\t\t\t\t\t\t\t<\/div>\n\t\t\t\t\t\t\t<\/div>\n\t\t\t\t\t\t<\/article>\n\t\t\t\t\t<\/div>\t\t\t\t\t\t\t\t<\/div>\n\t\t<\/div>\t\t\t\t<\/div>\n\t\t\t\t<\/div>\n\t\t\t\t\t<\/div>\n\t\t<\/div>\n\t\t\t\t\t<\/div>\n\t\t<\/section>\n\t\t\t\t<section class=\"elementor-section elementor-top-section elementor-element elementor-element-50b8eda elementor-section-full_width elementor-section-height-default elementor-section-height-default\" data-id=\"50b8eda\" data-element_type=\"section\">\n\t\t\t\t\t\t<div class=\"elementor-container elementor-column-gap-no\">\n\t\t\t\t\t<div class=\"elementor-column elementor-col-100 elementor-top-column elementor-element elementor-element-69e4cd7\" data-id=\"69e4cd7\" data-element_type=\"column\">\n\t\t\t<div class=\"elementor-widget-wrap elementor-element-populated\">\n\t\t\t\t\t\t<div class=\"elementor-element elementor-element-465324f elementor-widget elementor-widget-template\" data-id=\"465324f\" data-element_type=\"widget\" data-widget_type=\"template.default\">\n\t\t\t\t<div class=\"elementor-widget-container\">\n\t\t\t\t\t\t\t<div class=\"elementor-template\">\n\t\t\t\t\t<div data-elementor-type=\"section\" data-elementor-id=\"5744\" class=\"elementor elementor-5744\" data-elementor-post-type=\"elementor_library\">\n\t\t\t\t\t<section class=\"elementor-section elementor-top-section elementor-element elementor-element-1b2b114d elementor-section-full_width elementor-section-height-default elementor-section-height-default\" data-id=\"1b2b114d\" data-element_type=\"section\">\n\t\t\t\t\t\t<div class=\"elementor-container elementor-column-gap-no\">\n\t\t\t\t\t<div class=\"elementor-column elementor-col-100 elementor-top-column elementor-element elementor-element-1c01590f\" data-id=\"1c01590f\" data-element_type=\"column\">\n\t\t\t<div class=\"elementor-widget-wrap elementor-element-populated\">\n\t\t\t\t\t\t<div class=\"elementor-element elementor-element-1bf83e3b elementor-widget-divider--view-line elementor-widget elementor-widget-divider\" data-id=\"1bf83e3b\" data-element_type=\"widget\" data-widget_type=\"divider.default\">\n\t\t\t\t<div class=\"elementor-widget-container\">\n\t\t\t\t\t\t\t<div class=\"elementor-divider\">\n\t\t\t<span class=\"elementor-divider-separator\">\n\t\t\t\t\t\t<\/span>\n\t\t<\/div>\n\t\t\t\t\t\t<\/div>\n\t\t\t\t<\/div>\n\t\t\t\t\t<\/div>\n\t\t<\/div>\n\t\t\t\t\t<\/div>\n\t\t<\/section>\n\t\t\t\t<\/div>\n\t\t\t\t<\/div>\n\t\t\t\t\t\t<\/div>\n\t\t\t\t<\/div>\n\t\t\t\t\t<\/div>\n\t\t<\/div>\n\t\t\t\t\t<\/div>\n\t\t<\/section>\n\t\t\t\t<\/div>\n\t\t","protected":false},"excerpt":{"rendered":"<p>Jos\u00e9 Navarro TUTOR Profesor de Peritaje Inform\u00e1tico en la Universidad Internacional de la Rioja Perito Inform\u00e1tico Judicial Doctor en Ciencias F\u00edsicas Eduardo Mateo TUTOR Profesor de Auditor\u00eda Inform\u00e1tica, de Protecci\u00f3n de Datos y de Privacidad de la Informaci\u00f3n Auditor Inform\u00e1tico y Perito Inform\u00e1tico Judicial CISA &#8211; Certified Information Systems Auditor by ISACA Rub\u00e9n Pujol TUTOR&hellip;<\/p>\n","protected":false},"author":1,"featured_media":0,"parent":0,"menu_order":40,"comment_status":"closed","ping_status":"closed","template":"","meta":{"footnotes":""},"course_category":[],"class_list":["post-9160","page","type-page","status-publish","hentry"],"_links":{"self":[{"href":"https:\/\/www.vexe.es\/ca\/wp-json\/wp\/v2\/pages\/9160","targetHints":{"allow":["GET"]}}],"collection":[{"href":"https:\/\/www.vexe.es\/ca\/wp-json\/wp\/v2\/pages"}],"about":[{"href":"https:\/\/www.vexe.es\/ca\/wp-json\/wp\/v2\/types\/page"}],"author":[{"embeddable":true,"href":"https:\/\/www.vexe.es\/ca\/wp-json\/wp\/v2\/users\/1"}],"replies":[{"embeddable":true,"href":"https:\/\/www.vexe.es\/ca\/wp-json\/wp\/v2\/comments?post=9160"}],"version-history":[{"count":1,"href":"https:\/\/www.vexe.es\/ca\/wp-json\/wp\/v2\/pages\/9160\/revisions"}],"predecessor-version":[{"id":9161,"href":"https:\/\/www.vexe.es\/ca\/wp-json\/wp\/v2\/pages\/9160\/revisions\/9161"}],"wp:attachment":[{"href":"https:\/\/www.vexe.es\/ca\/wp-json\/wp\/v2\/media?parent=9160"}],"wp:term":[{"taxonomy":"course_category","embeddable":true,"href":"https:\/\/www.vexe.es\/ca\/wp-json\/wp\/v2\/course_category?post=9160"}],"curies":[{"name":"wp","href":"https:\/\/api.w.org\/{rel}","templated":true}]}}