{"id":9158,"date":"2021-04-28T12:25:58","date_gmt":"2021-04-28T10:25:58","guid":{"rendered":"https:\/\/www.vexe.es\/cursos-disponibles\/"},"modified":"2023-12-11T14:00:55","modified_gmt":"2023-12-11T13:00:55","slug":"cursos-disponibles","status":"publish","type":"page","link":"https:\/\/www.vexe.es\/ca\/cursos-disponibles\/","title":{"rendered":"Cursos disponibles"},"content":{"rendered":"\t\t<div data-elementor-type=\"wp-page\" data-elementor-id=\"9158\" class=\"elementor elementor-9158 elementor-3402\" data-elementor-post-type=\"page\">\n\t\t\t\t\t\t<section class=\"elementor-section elementor-top-section elementor-element elementor-element-4c22dc9c elementor-section-boxed elementor-section-height-default elementor-section-height-default\" data-id=\"4c22dc9c\" data-element_type=\"section\">\n\t\t\t\t\t\t<div class=\"elementor-container elementor-column-gap-wide\">\n\t\t\t\t\t<div class=\"elementor-column elementor-col-100 elementor-top-column elementor-element elementor-element-15da3175\" data-id=\"15da3175\" data-element_type=\"column\">\n\t\t\t<div class=\"elementor-widget-wrap elementor-element-populated\">\n\t\t\t\t\t\t<div class=\"elementor-element elementor-element-e4686cf elementor-widget elementor-widget-the7-taxonomy-filter\" data-id=\"e4686cf\" data-element_type=\"widget\" data-widget_type=\"the7-taxonomy-filter.default\">\n\t\t\t\t<div class=\"elementor-widget-container\">\n\t\t\t\t\t<div class=\"filter-decorations without-isotope filter filter-pointer-underline filter-animation-fade\"><div class=\"filter-categories\"><a href=\"\/ca\/wp-json\/wp\/v2\/pages\/9158\" class=\"show-all filter-item act\">Totes les categories<\/a><a class=\"filter-item\" href=\"\/ca\/wp-json\/wp\/v2\/pages\/9158?taxonomy=course_category&#038;term=canal-de-denuncies\" data-filter=\".category-105\">Canal de Den\u00fancies<\/a><a class=\"filter-item\" href=\"\/ca\/wp-json\/wp\/v2\/pages\/9158?taxonomy=course_category&#038;term=ciberfrau\" data-filter=\".category-106\">Ciberfrau<\/a><a class=\"filter-item\" href=\"\/ca\/wp-json\/wp\/v2\/pages\/9158?taxonomy=course_category&#038;term=peritatge-informatic\" data-filter=\".category-104\">Peritatge inform\u00e0tic<\/a><a class=\"filter-item\" href=\"\/ca\/wp-json\/wp\/v2\/pages\/9158?taxonomy=course_category&#038;term=proteccio-de-dades\" data-filter=\".category-107\">Protecci\u00f3 de Dades<\/a><\/div><\/div>\t\t\t\t<\/div>\n\t\t\t\t<\/div>\n\t\t\t\t\t<\/div>\n\t\t<\/div>\n\t\t\t\t\t<\/div>\n\t\t<\/section>\n\t\t<div class=\"elementor-element elementor-element-66b7b23 e-flex e-con-boxed e-con e-parent\" data-id=\"66b7b23\" data-element_type=\"container\">\n\t\t\t\t\t<div class=\"e-con-inner\">\n\t\t\t\t<div class=\"elementor-element elementor-element-592e575 img-align-top icon-box-vertical-align-top image-vertical-align-start preserve-img-ratio-cover slide-h-position-left elementor-widget elementor-widget-the7-elements-simple-posts\" data-id=\"592e575\" data-element_type=\"widget\" data-widget_type=\"the7-elements-simple-posts.default\">\n\t\t\t\t<div class=\"elementor-widget-container\">\n\t\t\t\t\t<div class=\"the7-simple-widget-posts the7-elementor-widget the7-elements-simple-posts-592e575\" data-post-limit=\"-1\" data-pagination-mode=\"standard\" data-scroll-offset=\"\">\t\t\t<div class=\"dt-css-grid custom-pagination-handler\" data-columns=\"{&quot;d&quot;:3,&quot;t&quot;:2,&quot;p&quot;:1,&quot;wd&quot;:&quot;&quot;}\">\n\t\t\t\t\t\t\t\t\t<div class=\"wf-cell visible \">\n\t\t\t\t\t\t<article class=\"post visible wrapper post-9238 course type-course status-publish has-post-thumbnail hentry course_category-ciberfrau\">\n\n\t\t\t\t\t\t\t<div class=\"post-content-wrapper\">\n\t\t\t\t\t\t\t\t\t\t\t\t\t\t\t\t\t<div class=\"the7-simple-post-thumb\">\n\t\t\t\t\t\t\t\t\t\t<a class=\"post-thumbnail-rollover layzr-bg img-css-resize-wrapper\" aria-label=\"Post image\" href=\"https:\/\/www.vexe.es\/ca\/course\/curs-sobre-la-prevencio-deteccio-i-resposta-contra-fraus-en-internet\/\"><img fetchpriority=\"high\" decoding=\"async\" width=\"1024\" height=\"726\" src=\"data:image\/svg+xml,%3Csvg%20xmlns%3D&#039;http%3A%2F%2Fwww.w3.org%2F2000%2Fsvg&#039;%20viewBox%3D&#039;0%200%201024%20726&#039;%2F%3E\" class=\"attachment-full size-full preload-me aspect lazy lazy-load\" alt=\"\" style=\"--ratio: 1024 \/ 726;\" data-src=\"https:\/\/www.vexe.es\/wp-content\/uploads\/2020\/04\/Ciberfraude-Ciberseguridad.jpg\" loading=\"eager\" \/><span class=\"the7-hover-icon\"><svg xmlns=\"http:\/\/www.w3.org\/2000\/svg\" viewBox=\"0 0 24 24\" width=\"24\" height=\"24\"><path fill=\"none\" d=\"M0 0h24v24H0z\"><\/path><path d=\"M4.5 10.5c-.825 0-1.5.675-1.5 1.5s.675 1.5 1.5 1.5S6 12.825 6 12s-.675-1.5-1.5-1.5zm15 0c-.825 0-1.5.675-1.5 1.5s.675 1.5 1.5 1.5S21 12.825 21 12s-.675-1.5-1.5-1.5zm-7.5 0c-.825 0-1.5.675-1.5 1.5s.675 1.5 1.5 1.5 1.5-.675 1.5-1.5-.675-1.5-1.5-1.5z\"><\/path><\/svg><\/span><\/a>\t\t\t\t\t\t\t\t\t<\/div>\n\t\t\t\t\t\t\t\t\t\t\t\t\t\t\t\t<div class=\"post-entry-content\">\n\t\t\t\t\t\t\t\t\t<h5 class=\"heading\"><a href=\"https:\/\/www.vexe.es\/ca\/course\/curs-sobre-la-prevencio-deteccio-i-resposta-contra-fraus-en-internet\/\" rel=\"bookmark\" title=\"C01 &#8211; Curs sobre la prevenci\u00f3, detecci\u00f3 i resposta contra fraus en internet\" class=\"post-title\">C01 &#8211; Curs sobre la prevenci\u00f3, detecci\u00f3 i resposta contra fraus en internet<\/a><\/h5><div class=\"entry-meta\"><span class=\"meta-item category-link\"><a href=\"https:\/\/www.vexe.es\/ca\/course_category\/ciberfrau\/\" rel=\"tag\">Ciberfrau<\/a><\/span><\/div>\t\t\t\t\t\t\t\t<\/div>\n\t\t\t\t\t\t\t<\/div>\n\t\t\t\t\t\t<\/article>\n\t\t\t\t\t<\/div>\t\t\t\t\t\t\t\t\t\t<div class=\"wf-cell visible \">\n\t\t\t\t\t\t<article class=\"post visible wrapper post-9260 course type-course status-publish has-post-thumbnail hentry course_category-ciberfrau\">\n\n\t\t\t\t\t\t\t<div class=\"post-content-wrapper\">\n\t\t\t\t\t\t\t\t\t\t\t\t\t\t\t\t\t<div class=\"the7-simple-post-thumb\">\n\t\t\t\t\t\t\t\t\t\t<a class=\"post-thumbnail-rollover layzr-bg img-css-resize-wrapper\" aria-label=\"Post image\" href=\"https:\/\/www.vexe.es\/ca\/course\/curs-especialitzat-sobre-la-deteccio-prevencio-i-resposta-contra-fraus-en-internet\/\"><img decoding=\"async\" width=\"1024\" height=\"682\" src=\"data:image\/svg+xml,%3Csvg%20xmlns%3D&#039;http%3A%2F%2Fwww.w3.org%2F2000%2Fsvg&#039;%20viewBox%3D&#039;0%200%201024%20682&#039;%2F%3E\" class=\"attachment-full size-full preload-me aspect lazy lazy-load\" alt=\"\" style=\"--ratio: 1024 \/ 682;\" data-src=\"https:\/\/www.vexe.es\/wp-content\/uploads\/2020\/04\/CursoEspecializadoSobreDeteccionPrevencionRespuestaContraFraudesInternet.jpg\" loading=\"eager\" \/><span class=\"the7-hover-icon\"><svg xmlns=\"http:\/\/www.w3.org\/2000\/svg\" viewBox=\"0 0 24 24\" width=\"24\" height=\"24\"><path fill=\"none\" d=\"M0 0h24v24H0z\"><\/path><path d=\"M4.5 10.5c-.825 0-1.5.675-1.5 1.5s.675 1.5 1.5 1.5S6 12.825 6 12s-.675-1.5-1.5-1.5zm15 0c-.825 0-1.5.675-1.5 1.5s.675 1.5 1.5 1.5S21 12.825 21 12s-.675-1.5-1.5-1.5zm-7.5 0c-.825 0-1.5.675-1.5 1.5s.675 1.5 1.5 1.5 1.5-.675 1.5-1.5-.675-1.5-1.5-1.5z\"><\/path><\/svg><\/span><\/a>\t\t\t\t\t\t\t\t\t<\/div>\n\t\t\t\t\t\t\t\t\t\t\t\t\t\t\t\t<div class=\"post-entry-content\">\n\t\t\t\t\t\t\t\t\t<h5 class=\"heading\"><a href=\"https:\/\/www.vexe.es\/ca\/course\/curs-especialitzat-sobre-la-deteccio-prevencio-i-resposta-contra-fraus-en-internet\/\" rel=\"bookmark\" title=\"C02 &#8211; Curs especialitzat sobre la detecci\u00f3, prevenci\u00f3 i resposta contra fraus en internet\" class=\"post-title\">C02 &#8211; Curs especialitzat sobre la detecci\u00f3, prevenci\u00f3 i resposta contra fraus en internet<\/a><\/h5><div class=\"entry-meta\"><span class=\"meta-item category-link\"><a href=\"https:\/\/www.vexe.es\/ca\/course_category\/ciberfrau\/\" rel=\"tag\">Ciberfrau<\/a><\/span><\/div>\t\t\t\t\t\t\t\t<\/div>\n\t\t\t\t\t\t\t<\/div>\n\t\t\t\t\t\t<\/article>\n\t\t\t\t\t<\/div>\t\t\t\t\t\t\t\t\t\t<div class=\"wf-cell visible \">\n\t\t\t\t\t\t<article class=\"post visible wrapper post-9228 course type-course status-publish has-post-thumbnail hentry course_category-canal-de-denuncies\">\n\n\t\t\t\t\t\t\t<div class=\"post-content-wrapper\">\n\t\t\t\t\t\t\t\t\t\t\t\t\t\t\t\t\t<div class=\"the7-simple-post-thumb\">\n\t\t\t\t\t\t\t\t\t\t<a class=\"post-thumbnail-rollover layzr-bg img-css-resize-wrapper\" aria-label=\"Post image\" href=\"https:\/\/www.vexe.es\/ca\/course\/curs-sobre-el-canal-intern-dinformacio\/\"><img decoding=\"async\" width=\"1024\" height=\"662\" src=\"data:image\/svg+xml,%3Csvg%20xmlns%3D&#039;http%3A%2F%2Fwww.w3.org%2F2000%2Fsvg&#039;%20viewBox%3D&#039;0%200%201024%20662&#039;%2F%3E\" class=\"attachment-full size-full preload-me aspect lazy lazy-load\" alt=\"\" style=\"--ratio: 1024 \/ 662;\" data-src=\"https:\/\/www.vexe.es\/wp-content\/uploads\/2020\/04\/CursoCanalInternoInformacion.jpg\" loading=\"eager\" \/><span class=\"the7-hover-icon\"><svg xmlns=\"http:\/\/www.w3.org\/2000\/svg\" viewBox=\"0 0 24 24\" width=\"24\" height=\"24\"><path fill=\"none\" d=\"M0 0h24v24H0z\"><\/path><path d=\"M4.5 10.5c-.825 0-1.5.675-1.5 1.5s.675 1.5 1.5 1.5S6 12.825 6 12s-.675-1.5-1.5-1.5zm15 0c-.825 0-1.5.675-1.5 1.5s.675 1.5 1.5 1.5S21 12.825 21 12s-.675-1.5-1.5-1.5zm-7.5 0c-.825 0-1.5.675-1.5 1.5s.675 1.5 1.5 1.5 1.5-.675 1.5-1.5-.675-1.5-1.5-1.5z\"><\/path><\/svg><\/span><\/a>\t\t\t\t\t\t\t\t\t<\/div>\n\t\t\t\t\t\t\t\t\t\t\t\t\t\t\t\t<div class=\"post-entry-content\">\n\t\t\t\t\t\t\t\t\t<h5 class=\"heading\"><a href=\"https:\/\/www.vexe.es\/ca\/course\/curs-sobre-el-canal-intern-dinformacio\/\" rel=\"bookmark\" title=\"C10 &#8211; Curs sobre el Canal Intern d&#8217;Informaci\u00f3\" class=\"post-title\">C10 &#8211; Curs sobre el Canal Intern d&#8217;Informaci\u00f3<\/a><\/h5><div class=\"entry-meta\"><span class=\"meta-item category-link\"><a href=\"https:\/\/www.vexe.es\/ca\/course_category\/canal-de-denuncies\/\" rel=\"tag\">Canal de Den\u00fancies<\/a><\/span><\/div>\t\t\t\t\t\t\t\t<\/div>\n\t\t\t\t\t\t\t<\/div>\n\t\t\t\t\t\t<\/article>\n\t\t\t\t\t<\/div>\t\t\t\t\t\t\t\t\t\t<div class=\"wf-cell visible \">\n\t\t\t\t\t\t<article class=\"post visible wrapper post-9225 course type-course status-publish has-post-thumbnail hentry course_category-peritatge-informatic\">\n\n\t\t\t\t\t\t\t<div class=\"post-content-wrapper\">\n\t\t\t\t\t\t\t\t\t\t\t\t\t\t\t\t\t<div class=\"the7-simple-post-thumb\">\n\t\t\t\t\t\t\t\t\t\t<a class=\"post-thumbnail-rollover layzr-bg img-css-resize-wrapper\" aria-label=\"Post image\" href=\"https:\/\/www.vexe.es\/ca\/course\/curs-de-peritatge-informatic-i-introduccio-a-la-informatica-forense\/\"><img decoding=\"async\" width=\"1350\" height=\"824\" src=\"data:image\/svg+xml,%3Csvg%20xmlns%3D&#039;http%3A%2F%2Fwww.w3.org%2F2000%2Fsvg&#039;%20viewBox%3D&#039;0%200%201350%20824&#039;%2F%3E\" class=\"attachment-full size-full preload-me aspect lazy lazy-load\" alt=\"\" sizes=\"(max-width: 1350px) 100vw, 1350px\" style=\"--ratio: 1350 \/ 824;\" data-src=\"https:\/\/www.vexe.es\/wp-content\/uploads\/2023\/12\/CursoPeritajeJudicial.jpg\" loading=\"eager\" data-srcset=\"https:\/\/www.vexe.es\/wp-content\/uploads\/2023\/12\/CursoPeritajeJudicial.jpg 1350w, https:\/\/www.vexe.es\/wp-content\/uploads\/2023\/12\/CursoPeritajeJudicial-300x183.jpg 300w, https:\/\/www.vexe.es\/wp-content\/uploads\/2023\/12\/CursoPeritajeJudicial-1024x625.jpg 1024w, https:\/\/www.vexe.es\/wp-content\/uploads\/2023\/12\/CursoPeritajeJudicial-768x469.jpg 768w\" \/><span class=\"the7-hover-icon\"><svg xmlns=\"http:\/\/www.w3.org\/2000\/svg\" viewBox=\"0 0 24 24\" width=\"24\" height=\"24\"><path fill=\"none\" d=\"M0 0h24v24H0z\"><\/path><path d=\"M4.5 10.5c-.825 0-1.5.675-1.5 1.5s.675 1.5 1.5 1.5S6 12.825 6 12s-.675-1.5-1.5-1.5zm15 0c-.825 0-1.5.675-1.5 1.5s.675 1.5 1.5 1.5S21 12.825 21 12s-.675-1.5-1.5-1.5zm-7.5 0c-.825 0-1.5.675-1.5 1.5s.675 1.5 1.5 1.5 1.5-.675 1.5-1.5-.675-1.5-1.5-1.5z\"><\/path><\/svg><\/span><\/a>\t\t\t\t\t\t\t\t\t<\/div>\n\t\t\t\t\t\t\t\t\t\t\t\t\t\t\t\t<div class=\"post-entry-content\">\n\t\t\t\t\t\t\t\t\t<h5 class=\"heading\"><a href=\"https:\/\/www.vexe.es\/ca\/course\/curs-de-peritatge-informatic-i-introduccio-a-la-informatica-forense\/\" rel=\"bookmark\" title=\"C20 &#8211; Curs de peritatge inform\u00e0tic i introducci\u00f3 a la inform\u00e0tica forense\" class=\"post-title\">C20 &#8211; Curs de peritatge inform\u00e0tic i introducci\u00f3 a la inform\u00e0tica forense<\/a><\/h5><div class=\"entry-meta\"><span class=\"meta-item category-link\"><a href=\"https:\/\/www.vexe.es\/ca\/course_category\/peritatge-informatic\/\" rel=\"tag\">Peritatge inform\u00e0tic<\/a><\/span><\/div>\t\t\t\t\t\t\t\t<\/div>\n\t\t\t\t\t\t\t<\/div>\n\t\t\t\t\t\t<\/article>\n\t\t\t\t\t<\/div>\t\t\t\t\t\t\t\t\t\t<div class=\"wf-cell visible \">\n\t\t\t\t\t\t<article class=\"post visible wrapper post-9188 course type-course status-publish has-post-thumbnail hentry course_category-peritatge-informatic\">\n\n\t\t\t\t\t\t\t<div class=\"post-content-wrapper\">\n\t\t\t\t\t\t\t\t\t\t\t\t\t\t\t\t\t<div class=\"the7-simple-post-thumb\">\n\t\t\t\t\t\t\t\t\t\t<a class=\"post-thumbnail-rollover layzr-bg img-css-resize-wrapper\" aria-label=\"Post image\" href=\"https:\/\/www.vexe.es\/ca\/course\/tecniques-de-recerca-digital\/\"><img decoding=\"async\" width=\"1024\" height=\"683\" src=\"data:image\/svg+xml,%3Csvg%20xmlns%3D&#039;http%3A%2F%2Fwww.w3.org%2F2000%2Fsvg&#039;%20viewBox%3D&#039;0%200%201024%20683&#039;%2F%3E\" class=\"attachment-full size-full preload-me aspect lazy lazy-load\" alt=\"\" style=\"--ratio: 1024 \/ 683;\" data-src=\"https:\/\/www.vexe.es\/wp-content\/uploads\/2023\/12\/TecnicasInvestigacionDigital.jpg\" loading=\"eager\" \/><span class=\"the7-hover-icon\"><svg xmlns=\"http:\/\/www.w3.org\/2000\/svg\" viewBox=\"0 0 24 24\" width=\"24\" height=\"24\"><path fill=\"none\" d=\"M0 0h24v24H0z\"><\/path><path d=\"M4.5 10.5c-.825 0-1.5.675-1.5 1.5s.675 1.5 1.5 1.5S6 12.825 6 12s-.675-1.5-1.5-1.5zm15 0c-.825 0-1.5.675-1.5 1.5s.675 1.5 1.5 1.5S21 12.825 21 12s-.675-1.5-1.5-1.5zm-7.5 0c-.825 0-1.5.675-1.5 1.5s.675 1.5 1.5 1.5 1.5-.675 1.5-1.5-.675-1.5-1.5-1.5z\"><\/path><\/svg><\/span><\/a>\t\t\t\t\t\t\t\t\t<\/div>\n\t\t\t\t\t\t\t\t\t\t\t\t\t\t\t\t<div class=\"post-entry-content\">\n\t\t\t\t\t\t\t\t\t<h5 class=\"heading\"><a href=\"https:\/\/www.vexe.es\/ca\/course\/tecniques-de-recerca-digital\/\" rel=\"bookmark\" title=\"C21 &#8211; T\u00e8cniques de investigaci\u00f3 digital\" class=\"post-title\">C21 &#8211; T\u00e8cniques de investigaci\u00f3 digital<\/a><\/h5><div class=\"entry-meta\"><span class=\"meta-item category-link\"><a href=\"https:\/\/www.vexe.es\/ca\/course_category\/peritatge-informatic\/\" rel=\"tag\">Peritatge inform\u00e0tic<\/a><\/span><\/div>\t\t\t\t\t\t\t\t<\/div>\n\t\t\t\t\t\t\t<\/div>\n\t\t\t\t\t\t<\/article>\n\t\t\t\t\t<\/div>\t\t\t\t\t\t\t\t\t\t<div class=\"wf-cell visible \">\n\t\t\t\t\t\t<article class=\"post visible wrapper post-9265 course type-course status-publish has-post-thumbnail hentry course_tag-featured-ca course_category-proteccio-de-dades\">\n\n\t\t\t\t\t\t\t<div class=\"post-content-wrapper\">\n\t\t\t\t\t\t\t\t\t\t\t\t\t\t\t\t\t<div class=\"the7-simple-post-thumb\">\n\t\t\t\t\t\t\t\t\t\t<a class=\"post-thumbnail-rollover layzr-bg img-css-resize-wrapper\" aria-label=\"Post image\" href=\"https:\/\/www.vexe.es\/ca\/course\/curso-avanzado-sobre-el-rgpd-lopdgdd-la-lssi-ce-y-la-seguridad-de-la-informacion\/\"><img decoding=\"async\" width=\"1300\" height=\"800\" src=\"data:image\/svg+xml,%3Csvg%20xmlns%3D&#039;http%3A%2F%2Fwww.w3.org%2F2000%2Fsvg&#039;%20viewBox%3D&#039;0%200%201300%20800&#039;%2F%3E\" class=\"attachment-full size-full preload-me aspect lazy lazy-load\" alt=\"\" sizes=\"(max-width: 1300px) 100vw, 1300px\" style=\"--ratio: 1300 \/ 800;\" data-src=\"https:\/\/www.vexe.es\/wp-content\/uploads\/2020\/04\/CursoRGPD-LOPDGDD.jpg\" loading=\"eager\" data-srcset=\"https:\/\/www.vexe.es\/wp-content\/uploads\/2020\/04\/CursoRGPD-LOPDGDD.jpg 1300w, https:\/\/www.vexe.es\/wp-content\/uploads\/2020\/04\/CursoRGPD-LOPDGDD-300x185.jpg 300w, https:\/\/www.vexe.es\/wp-content\/uploads\/2020\/04\/CursoRGPD-LOPDGDD-1024x630.jpg 1024w, https:\/\/www.vexe.es\/wp-content\/uploads\/2020\/04\/CursoRGPD-LOPDGDD-768x473.jpg 768w\" \/><span class=\"the7-hover-icon\"><svg xmlns=\"http:\/\/www.w3.org\/2000\/svg\" viewBox=\"0 0 24 24\" width=\"24\" height=\"24\"><path fill=\"none\" d=\"M0 0h24v24H0z\"><\/path><path d=\"M4.5 10.5c-.825 0-1.5.675-1.5 1.5s.675 1.5 1.5 1.5S6 12.825 6 12s-.675-1.5-1.5-1.5zm15 0c-.825 0-1.5.675-1.5 1.5s.675 1.5 1.5 1.5S21 12.825 21 12s-.675-1.5-1.5-1.5zm-7.5 0c-.825 0-1.5.675-1.5 1.5s.675 1.5 1.5 1.5 1.5-.675 1.5-1.5-.675-1.5-1.5-1.5z\"><\/path><\/svg><\/span><\/a>\t\t\t\t\t\t\t\t\t<\/div>\n\t\t\t\t\t\t\t\t\t\t\t\t\t\t\t\t<div class=\"post-entry-content\">\n\t\t\t\t\t\t\t\t\t<h5 class=\"heading\"><a href=\"https:\/\/www.vexe.es\/ca\/course\/curso-avanzado-sobre-el-rgpd-lopdgdd-la-lssi-ce-y-la-seguridad-de-la-informacion\/\" rel=\"bookmark\" title=\"C30 &#8211; Curs avan\u00e7at sobre el RGPD, LOPDGDD, la LSSI-CE i la Seguretat de la Informaci\u00f3\" class=\"post-title\">C30 &#8211; Curs avan\u00e7at sobre el RGPD, LOPDGDD, la LSSI-CE i la Seguretat de la Informaci\u00f3<\/a><\/h5><div class=\"entry-meta\"><span class=\"meta-item category-link\"><a href=\"https:\/\/www.vexe.es\/ca\/course_category\/proteccio-de-dades\/\" rel=\"tag\">Protecci\u00f3 de Dades<\/a><\/span><\/div>\t\t\t\t\t\t\t\t<\/div>\n\t\t\t\t\t\t\t<\/div>\n\t\t\t\t\t\t<\/article>\n\t\t\t\t\t<\/div>\t\t\t\t\t\t\t\t<\/div>\n\t\t<\/div>\t\t\t\t<\/div>\n\t\t\t\t<\/div>\n\t\t\t\t\t<\/div>\n\t\t\t\t<\/div>\n\t\t\t\t<\/div>\n\t\t","protected":false},"excerpt":{"rendered":"<p>Totes les categoriesCanal de DenunciasCiberfraudePeritaje inform\u00e1ticoProtecci\u00f3n de Datos C01 &#8211; Curso sobre la prevenci\u00f3n, detecci\u00f3n y respuesta contra fraudes en internet Ciberfraude C02 &#8211; Curso especializado sobre la detecci\u00f3n, prevenci\u00f3n y respuesta contra fraudes en internet Ciberfraude C10 &#8211; Curso sobre el Canal Interno de Informaci\u00f3n Canal de Denuncias C20 &#8211; Curso de peritaje inform\u00e1tico&hellip;<\/p>\n","protected":false},"author":1,"featured_media":0,"parent":0,"menu_order":35,"comment_status":"closed","ping_status":"closed","template":"","meta":{"footnotes":""},"course_category":[],"class_list":["post-9158","page","type-page","status-publish","hentry"],"_links":{"self":[{"href":"https:\/\/www.vexe.es\/ca\/wp-json\/wp\/v2\/pages\/9158","targetHints":{"allow":["GET"]}}],"collection":[{"href":"https:\/\/www.vexe.es\/ca\/wp-json\/wp\/v2\/pages"}],"about":[{"href":"https:\/\/www.vexe.es\/ca\/wp-json\/wp\/v2\/types\/page"}],"author":[{"embeddable":true,"href":"https:\/\/www.vexe.es\/ca\/wp-json\/wp\/v2\/users\/1"}],"replies":[{"embeddable":true,"href":"https:\/\/www.vexe.es\/ca\/wp-json\/wp\/v2\/comments?post=9158"}],"version-history":[{"count":5,"href":"https:\/\/www.vexe.es\/ca\/wp-json\/wp\/v2\/pages\/9158\/revisions"}],"predecessor-version":[{"id":9382,"href":"https:\/\/www.vexe.es\/ca\/wp-json\/wp\/v2\/pages\/9158\/revisions\/9382"}],"wp:attachment":[{"href":"https:\/\/www.vexe.es\/ca\/wp-json\/wp\/v2\/media?parent=9158"}],"wp:term":[{"taxonomy":"course_category","embeddable":true,"href":"https:\/\/www.vexe.es\/ca\/wp-json\/wp\/v2\/course_category?post=9158"}],"curies":[{"name":"wp","href":"https:\/\/api.w.org\/{rel}","templated":true}]}}