{"id":9151,"date":"2020-03-31T15:50:16","date_gmt":"2020-03-31T13:50:16","guid":{"rendered":"https:\/\/www.vexe.es\/els-qui-som\/"},"modified":"2023-12-19T07:52:04","modified_gmt":"2023-12-19T06:52:04","slug":"els-qui-som","status":"publish","type":"page","link":"https:\/\/www.vexe.es\/ca\/els-qui-som\/","title":{"rendered":"Qui som"},"content":{"rendered":"\t\t<div data-elementor-type=\"wp-page\" data-elementor-id=\"9151\" class=\"elementor elementor-9151 elementor-418\" data-elementor-post-type=\"page\">\n\t\t\t\t\t\t<section class=\"elementor-section elementor-top-section elementor-element elementor-element-9e4373e elementor-section-boxed elementor-section-height-default elementor-section-height-default\" data-id=\"9e4373e\" data-element_type=\"section\" data-settings=\"{&quot;background_background&quot;:&quot;classic&quot;}\">\n\t\t\t\t\t\t<div class=\"elementor-container elementor-column-gap-wide\">\n\t\t\t\t\t<div class=\"elementor-column elementor-col-50 elementor-top-column elementor-element elementor-element-835099b\" data-id=\"835099b\" data-element_type=\"column\">\n\t\t\t<div class=\"elementor-widget-wrap elementor-element-populated\">\n\t\t\t\t\t\t<div class=\"elementor-element elementor-element-4bb98c3 elementor-widget elementor-widget-heading\" data-id=\"4bb98c3\" data-element_type=\"widget\" data-widget_type=\"heading.default\">\n\t\t\t\t<div class=\"elementor-widget-container\">\n\t\t\t\t\t<h4 class=\"elementor-heading-title elementor-size-medium\">El nostre equip<\/h4>\t\t\t\t<\/div>\n\t\t\t\t<\/div>\n\t\t\t\t<div class=\"elementor-element elementor-element-0b7688b elementor-widget elementor-widget-heading\" data-id=\"0b7688b\" data-element_type=\"widget\" data-widget_type=\"heading.default\">\n\t\t\t\t<div class=\"elementor-widget-container\">\n\t\t\t\t\t<h3 class=\"elementor-heading-title elementor-size-default\">Formem l'equip m\u00e9s especialitzat en formaci\u00f3 en Tecnologies de la Informaci\u00f3 <\/h3>\t\t\t\t<\/div>\n\t\t\t\t<\/div>\n\t\t\t\t<div class=\"elementor-element elementor-element-d292fe0 elementor-widget elementor-widget-spacer\" data-id=\"d292fe0\" data-element_type=\"widget\" data-widget_type=\"spacer.default\">\n\t\t\t\t<div class=\"elementor-widget-container\">\n\t\t\t\t\t\t\t<div class=\"elementor-spacer\">\n\t\t\t<div class=\"elementor-spacer-inner\"><\/div>\n\t\t<\/div>\n\t\t\t\t\t\t<\/div>\n\t\t\t\t<\/div>\n\t\t\t\t<div class=\"elementor-element elementor-element-e277a99 elementor-widget elementor-widget-text-editor\" data-id=\"e277a99\" data-element_type=\"widget\" data-widget_type=\"text-editor.default\">\n\t\t\t\t<div class=\"elementor-widget-container\">\n\t\t\t\t\t\t\t\t\t<p>Descobreix la perfecta combinaci\u00f3 de quatre empreses l\u00edders: especialistes en peritatge inform\u00e0tic i an\u00e0lisi forense digital, investigaci\u00f3 privada, auditoria inform\u00e0tica, seguretat de la informaci\u00f3 i compliment legal.<\/p>\n<p>Oferim cursos integrals que fusionen coneixements t\u00e8cnics i seguretat jur\u00eddica. Millora les teves habilitats en el m\u00f3n digital amb la nostra formaci\u00f3 \u00fanica.<\/p>\n<p>Prepara&#8217;t per a adquirir tots els coneixements necessaris en ciberseguretat i compliment normatiu.<\/p>\n\t\t\t\t\t\t\t\t<\/div>\n\t\t\t\t<\/div>\n\t\t\t\t\t<\/div>\n\t\t<\/div>\n\t\t\t\t<div class=\"elementor-column elementor-col-50 elementor-top-column elementor-element elementor-element-e562dbe\" data-id=\"e562dbe\" data-element_type=\"column\">\n\t\t\t<div class=\"elementor-widget-wrap elementor-element-populated\">\n\t\t\t\t\t\t<section class=\"elementor-section elementor-inner-section elementor-element elementor-element-8d25777 elementor-section-boxed elementor-section-height-default elementor-section-height-default\" data-id=\"8d25777\" data-element_type=\"section\">\n\t\t\t\t\t\t<div class=\"elementor-container elementor-column-gap-no\">\n\t\t\t\t\t<div class=\"elementor-column elementor-col-100 elementor-inner-column elementor-element elementor-element-4e0dbad\" data-id=\"4e0dbad\" data-element_type=\"column\">\n\t\t\t<div class=\"elementor-widget-wrap elementor-element-populated\">\n\t\t\t\t\t\t<div class=\"elementor-element elementor-element-3df4c6d elementor-widget elementor-widget-image\" data-id=\"3df4c6d\" data-element_type=\"widget\" data-widget_type=\"image.default\">\n\t\t\t\t<div class=\"elementor-widget-container\">\n\t\t\t\t\t\t\t\t\t\t\t\t\t\t\t<img fetchpriority=\"high\" decoding=\"async\" width=\"1024\" height=\"683\" src=\"https:\/\/www.vexe.es\/wp-content\/uploads\/2023\/12\/QuienesSomos.jpg\" class=\"attachment-large size-large wp-image-9318\" alt=\"\" srcset=\"https:\/\/www.vexe.es\/wp-content\/uploads\/2023\/12\/QuienesSomos.jpg 1024w, https:\/\/www.vexe.es\/wp-content\/uploads\/2023\/12\/QuienesSomos-300x200.jpg 300w, https:\/\/www.vexe.es\/wp-content\/uploads\/2023\/12\/QuienesSomos-768x512.jpg 768w\" sizes=\"(max-width: 1024px) 100vw, 1024px\" \/>\t\t\t\t\t\t\t\t\t\t\t\t\t\t\t<\/div>\n\t\t\t\t<\/div>\n\t\t\t\t\t<\/div>\n\t\t<\/div>\n\t\t\t\t\t<\/div>\n\t\t<\/section>\n\t\t\t\t\t<\/div>\n\t\t<\/div>\n\t\t\t\t\t<\/div>\n\t\t<\/section>\n\t\t\t\t<section class=\"elementor-section elementor-top-section elementor-element elementor-element-0659301 elementor-section-boxed elementor-section-height-default elementor-section-height-default\" data-id=\"0659301\" data-element_type=\"section\" data-settings=\"{&quot;background_background&quot;:&quot;classic&quot;}\">\n\t\t\t\t\t\t<div class=\"elementor-container elementor-column-gap-wide\">\n\t\t\t\t\t<div class=\"elementor-column elementor-col-100 elementor-top-column elementor-element elementor-element-880f90d\" data-id=\"880f90d\" data-element_type=\"column\">\n\t\t\t<div class=\"elementor-widget-wrap elementor-element-populated\">\n\t\t\t\t<div class=\"elementor-element elementor-element-3841b9c e-grid e-con-boxed e-con e-parent\" data-id=\"3841b9c\" data-element_type=\"container\">\n\t\t\t\t\t<div class=\"e-con-inner\">\n\t\t\t\t<div class=\"elementor-element elementor-element-8ed11f1 content-align-center icon-vertical-align-center icon-box-vertical-align-top elementor-widget elementor-widget-the7_image_box_widget\" data-id=\"8ed11f1\" data-element_type=\"widget\" data-widget_type=\"the7_image_box_widget.default\">\n\t\t\t\t<div class=\"elementor-widget-container\">\n\t\t\t\t\t\n\t\t<div class=\"the7-box-wrapper the7-elementor-widget the7_image_box_widget-8ed11f1\">\t\t\t<div class=\"box-content-wrapper\">\n\t\t\t\t\t\t\t\t<div class=\"elementor-image-div \">\n\t\t\t\t\t<a class=\"post-thumbnail-rollover layzr-bg img-css-resize-wrapper\" href=\"https:\/\/evidentia.es\/\" target=\"_blank\"><img decoding=\"async\" width=\"291\" height=\"59\" src=\"data:image\/svg+xml,%3Csvg%20xmlns%3D&#039;http%3A%2F%2Fwww.w3.org%2F2000%2Fsvg&#039;%20viewBox%3D&#039;0%200%20291%2059&#039;%2F%3E\" class=\"attachment-full size-full preload-me aspect lazy lazy-load\" alt=\"\" style=\"--ratio: 291 \/ 59;\" data-src=\"https:\/\/www.vexe.es\/wp-content\/uploads\/2023\/12\/LogoEvidentia.png\" loading=\"eager\" \/><span class=\"the7-hover-icon\"><\/span><\/a>\t\t\t\t<\/div>\n\t\t\t\t\n\t\t\t\t<div class=\"box-content\">\n\t\t\t\t\t<h4 class=\"box-heading\"><a href=\"https:\/\/evidentia.es\/\" target=\"_blank\">Especialistes en peritatge inform\u00e0tic i an\u00e0lisi forense digital, des de l'any 2009<\/a><\/h4><div class=\"box-description\">Els perits inform\u00e0tics de Evidentia l'ajudem a extreure i analitzar informaci\u00f3 digital i a presentar-la com a mitj\u00e0 de prova amb garanties legals en processos judicials.<\/div><a href=\"https:\/\/evidentia.es\/\" target=\"_blank\" class=\"box-button elementor-button elementor-size-xs\">Visitar la p\u00e0gina web<\/a>\t\t\t\t<\/div>\n\t\t\t<\/div>\n\t\t<\/div>\t\t\t\t<\/div>\n\t\t\t\t<\/div>\n\t\t\t\t<div class=\"elementor-element elementor-element-a52e4b0 content-align-center icon-vertical-align-center icon-box-vertical-align-top elementor-widget elementor-widget-the7_image_box_widget\" data-id=\"a52e4b0\" data-element_type=\"widget\" data-widget_type=\"the7_image_box_widget.default\">\n\t\t\t\t<div class=\"elementor-widget-container\">\n\t\t\t\t\t\n\t\t<div class=\"the7-box-wrapper the7-elementor-widget the7_image_box_widget-a52e4b0\">\t\t\t<div class=\"box-content-wrapper\">\n\t\t\t\t\t\t\t\t<div class=\"elementor-image-div \">\n\t\t\t\t\t<a class=\"post-thumbnail-rollover layzr-bg img-css-resize-wrapper\" href=\"https:\/\/www.exartia.net\/\" target=\"_blank\"><img decoding=\"async\" width=\"300\" height=\"143\" src=\"data:image\/svg+xml,%3Csvg%20xmlns%3D&#039;http%3A%2F%2Fwww.w3.org%2F2000%2Fsvg&#039;%20viewBox%3D&#039;0%200%20300%20143&#039;%2F%3E\" class=\"attachment-medium size-medium preload-me aspect lazy lazy-load\" alt=\"\" sizes=\"(max-width: 300px) 100vw, 300px\" style=\"--ratio: 300 \/ 143;\" data-src=\"https:\/\/www.vexe.es\/wp-content\/uploads\/2023\/12\/LogoExartia-300x143.png\" loading=\"eager\" data-srcset=\"https:\/\/www.vexe.es\/wp-content\/uploads\/2023\/12\/LogoExartia-300x143.png 300w, https:\/\/www.vexe.es\/wp-content\/uploads\/2023\/12\/LogoExartia.png 469w\" \/><span class=\"the7-hover-icon\"><\/span><\/a>\t\t\t\t<\/div>\n\t\t\t\t\n\t\t\t\t<div class=\"box-content\">\n\t\t\t\t\t<h4 class=\"box-heading\"><a href=\"https:\/\/www.exartia.net\/\" target=\"_blank\">Experts en Auditoria Inform\u00e0tica, Seguretat de la informaci\u00f3 i Compliment Legal<\/a><\/h4><div class=\"box-description\">Comptem amb m\u00e9s de 20 anys d'experi\u00e8ncia en la implantaci\u00f3 de projectes d'Auditoria, Consultoria, Desenvolupament i Seguretat en Tecnologies de la Informaci\u00f3.<\/div><a href=\"https:\/\/www.exartia.net\/\" target=\"_blank\" class=\"box-button elementor-button elementor-size-xs\">Visitar la p\u00e0gina web<\/a>\t\t\t\t<\/div>\n\t\t\t<\/div>\n\t\t<\/div>\t\t\t\t<\/div>\n\t\t\t\t<\/div>\n\t\t\t\t<div class=\"elementor-element elementor-element-b682df9 content-align-center icon-vertical-align-center icon-box-vertical-align-top elementor-widget elementor-widget-the7_image_box_widget\" data-id=\"b682df9\" data-element_type=\"widget\" data-widget_type=\"the7_image_box_widget.default\">\n\t\t\t\t<div class=\"elementor-widget-container\">\n\t\t\t\t\t\n\t\t<div class=\"the7-box-wrapper the7-elementor-widget the7_image_box_widget-b682df9\">\t\t\t<div class=\"box-content-wrapper\">\n\t\t\t\t\t\t\t\t<div class=\"elementor-image-div \">\n\t\t\t\t\t<a class=\"post-thumbnail-rollover layzr-bg img-css-resize-wrapper\" href=\"https:\/\/www.freamon.com\/\" target=\"_blank\"><img decoding=\"async\" width=\"337\" height=\"57\" src=\"data:image\/svg+xml,%3Csvg%20xmlns%3D&#039;http%3A%2F%2Fwww.w3.org%2F2000%2Fsvg&#039;%20viewBox%3D&#039;0%200%20337%2057&#039;%2F%3E\" class=\"attachment-full size-full preload-me aspect lazy lazy-load\" alt=\"\" sizes=\"(max-width: 337px) 100vw, 337px\" style=\"--ratio: 337 \/ 57;\" data-src=\"https:\/\/www.vexe.es\/wp-content\/uploads\/2023\/12\/FreamonDetectives.png\" loading=\"eager\" data-srcset=\"https:\/\/www.vexe.es\/wp-content\/uploads\/2023\/12\/FreamonDetectives.png 337w, https:\/\/www.vexe.es\/wp-content\/uploads\/2023\/12\/FreamonDetectives-300x51.png 300w\" \/><span class=\"the7-hover-icon\"><\/span><\/a>\t\t\t\t<\/div>\n\t\t\t\t\n\t\t\t\t<div class=\"box-content\">\n\t\t\t\t\t<h4 class=\"box-heading\"><a href=\"https:\/\/www.freamon.com\/\" target=\"_blank\"><br>Detectius privats especialistes en Criminologia i T\u00e8cniques de Recerca digital<\/a><\/h4><div class=\"box-description\">Detectius privats amb m\u00e9s de 10 anys d'experi\u00e8ncia. Habilitats pel Ministeri d'Interior (T.I.P. 2.721) i inscrits en el Registre Nacional de Seguretat Privada amb el n\u00famero 10.712<\/div><a href=\"https:\/\/www.freamon.com\/\" target=\"_blank\" class=\"box-button elementor-button elementor-size-xs\">Visitar la p\u00e0gina web<\/a>\t\t\t\t<\/div>\n\t\t\t<\/div>\n\t\t<\/div>\t\t\t\t<\/div>\n\t\t\t\t<\/div>\n\t\t\t\t<div class=\"elementor-element elementor-element-8db1b9d content-align-center icon-vertical-align-center icon-box-vertical-align-top elementor-widget elementor-widget-the7_image_box_widget\" data-id=\"8db1b9d\" data-element_type=\"widget\" data-widget_type=\"the7_image_box_widget.default\">\n\t\t\t\t<div class=\"elementor-widget-container\">\n\t\t\t\t\t\n\t\t<div class=\"the7-box-wrapper the7-elementor-widget the7_image_box_widget-8db1b9d\">\t\t\t<div class=\"box-content-wrapper\">\n\t\t\t\t\t\t\t\t<div class=\"elementor-image-div \">\n\t\t\t\t\t<a class=\"post-thumbnail-rollover layzr-bg img-css-resize-wrapper\" href=\"https:\/\/penalistasbarcelona.com\" target=\"_blank\"><img decoding=\"async\" width=\"263\" height=\"79\" src=\"data:image\/svg+xml,%3Csvg%20xmlns%3D&#039;http%3A%2F%2Fwww.w3.org%2F2000%2Fsvg&#039;%20viewBox%3D&#039;0%200%20263%2079&#039;%2F%3E\" class=\"attachment-full size-full preload-me aspect lazy lazy-load\" alt=\"\" style=\"--ratio: 263 \/ 79;\" data-src=\"https:\/\/www.vexe.es\/wp-content\/uploads\/2023\/12\/LogoGuerrero.png\" loading=\"eager\" \/><span class=\"the7-hover-icon\"><\/span><\/a>\t\t\t\t<\/div>\n\t\t\t\t\n\t\t\t\t<div class=\"box-content\">\n\t\t\t\t\t<h4 class=\"box-heading\"><a href=\"https:\/\/penalistasbarcelona.com\" target=\"_blank\">Defensa penal especialitzada en Ciberfrau i defensa corporativa<\/a><\/h4><div class=\"box-description\">Especialistes en tota mena de processos penals. Oferim un assessorament preventiu i una assist\u00e8ncia jur\u00eddica especialitzada en Jutjats i Tribunals de tot el territori.<\/div><a href=\"https:\/\/penalistasbarcelona.com\" target=\"_blank\" class=\"box-button elementor-button elementor-size-xs\">Visitar la p\u00e0gina web<\/a>\t\t\t\t<\/div>\n\t\t\t<\/div>\n\t\t<\/div>\t\t\t\t<\/div>\n\t\t\t\t<\/div>\n\t\t\t\t\t<\/div>\n\t\t\t\t<\/div>\n\t\t\t\t\t<\/div>\n\t\t<\/div>\n\t\t\t\t\t<\/div>\n\t\t<\/section>\n\t\t\t\t<section class=\"elementor-section elementor-top-section elementor-element elementor-element-9090e6b elementor-section-full_width elementor-section-height-default elementor-section-height-default\" data-id=\"9090e6b\" data-element_type=\"section\">\n\t\t\t\t\t\t<div class=\"elementor-container elementor-column-gap-no\">\n\t\t\t\t\t<div class=\"elementor-column elementor-col-100 elementor-top-column elementor-element elementor-element-81a85ef\" data-id=\"81a85ef\" data-element_type=\"column\">\n\t\t\t<div class=\"elementor-widget-wrap elementor-element-populated\">\n\t\t\t\t\t\t<div class=\"elementor-element elementor-element-e93af12 elementor-widget elementor-widget-spacer\" data-id=\"e93af12\" data-element_type=\"widget\" data-widget_type=\"spacer.default\">\n\t\t\t\t<div class=\"elementor-widget-container\">\n\t\t\t\t\t\t\t<div class=\"elementor-spacer\">\n\t\t\t<div class=\"elementor-spacer-inner\"><\/div>\n\t\t<\/div>\n\t\t\t\t\t\t<\/div>\n\t\t\t\t<\/div>\n\t\t\t\t\t<\/div>\n\t\t<\/div>\n\t\t\t\t\t<\/div>\n\t\t<\/section>\n\t\t\t\t<section class=\"elementor-section elementor-top-section elementor-element elementor-element-a6914d1 elementor-section-boxed elementor-section-height-default elementor-section-height-default\" data-id=\"a6914d1\" data-element_type=\"section\">\n\t\t\t\t\t\t<div class=\"elementor-container elementor-column-gap-wide\">\n\t\t\t\t\t<div class=\"elementor-column elementor-col-100 elementor-top-column elementor-element elementor-element-e733b5e\" data-id=\"e733b5e\" data-element_type=\"column\">\n\t\t\t<div class=\"elementor-widget-wrap elementor-element-populated\">\n\t\t\t\t\t\t<div class=\"elementor-element elementor-element-00bfb88 elementor-widget elementor-widget-heading\" data-id=\"00bfb88\" data-element_type=\"widget\" data-widget_type=\"heading.default\">\n\t\t\t\t<div class=\"elementor-widget-container\">\n\t\t\t\t\t<h2 class=\"elementor-heading-title elementor-size-default\">Coneix alguns clients que han confiat en el nostre projecte<\/h2>\t\t\t\t<\/div>\n\t\t\t\t<\/div>\n\t\t\t\t\t<\/div>\n\t\t<\/div>\n\t\t\t\t\t<\/div>\n\t\t<\/section>\n\t\t\t\t<section class=\"elementor-section elementor-top-section elementor-element elementor-element-6503487 elementor-section-boxed elementor-section-height-default elementor-section-height-default\" data-id=\"6503487\" data-element_type=\"section\">\n\t\t\t\t\t\t<div class=\"elementor-container elementor-column-gap-wide\">\n\t\t\t\t\t<div class=\"elementor-column elementor-col-100 elementor-top-column elementor-element elementor-element-e9f9ada\" data-id=\"e9f9ada\" data-element_type=\"column\">\n\t\t\t<div class=\"elementor-widget-wrap elementor-element-populated\">\n\t\t\t\t\t\t<div class=\"elementor-element elementor-element-527d02c arrows-relative-to-box_area slider-layout_1 slider-tablet-default slider-mobile-default slide-h-position-center preserve-img-ratio-cover bullets-small-dot-stroke elementor-widget elementor-widget-the7_content_carousel\" data-id=\"527d02c\" data-element_type=\"widget\" data-settings=\"{&quot;widget_columns&quot;:5,&quot;widget_columns_tablet&quot;:3,&quot;gap_between_posts&quot;:{&quot;unit&quot;:&quot;px&quot;,&quot;size&quot;:40,&quot;sizes&quot;:[]},&quot;gap_between_posts_mobile&quot;:{&quot;unit&quot;:&quot;px&quot;,&quot;size&quot;:20,&quot;sizes&quot;:[]},&quot;normal_arrow_bg_color&quot;:&quot;#ffffff&quot;,&quot;widget_columns_mobile&quot;:1,&quot;gap_between_posts_tablet&quot;:{&quot;unit&quot;:&quot;px&quot;,&quot;size&quot;:&quot;&quot;,&quot;sizes&quot;:[]}}\" data-widget_type=\"the7_content_carousel.default\">\n\t\t\t\t<div class=\"elementor-widget-container\">\n\t\t\t\t\t<div class=\"owl-carousel text-and-icon-carousel elementor-owl-carousel-call the7-elementor-widget the7_content_carousel-527d02c\" data-scroll-mode=\"1\" data-auto-height=\"false\" data-speed=\"600\" data-autoplay=\"true\" data-autoplay_speed=\"3000\"><div  class=\"dt-owl-item-wrap box-hover\"  ><div class=\"dt-owl-item-inner \"><div  class=\"dt-owl-item-image layzr-bg img-css-resize-wrapper\"> <img decoding=\"async\" width=\"900\" height=\"700\" src=\"data:image\/svg+xml,%3Csvg%20xmlns%3D&#039;http%3A%2F%2Fwww.w3.org%2F2000%2Fsvg&#039;%20viewBox%3D&#039;0%200%20900%20700&#039;%2F%3E\" class=\"attachment-full size-full preload-me aspect lazy lazy-load\" alt=\"\" style=\"--ratio: 900 \/ 700;\" data-src=\"https:\/\/www.vexe.es\/wp-content\/uploads\/2023\/12\/LogoBMC.gif\" loading=\"eager\" \/><\/div><h6  class=\"dt-owl-item-heading\">BMC Global<\/h6><\/div><\/div><div  class=\"dt-owl-item-wrap box-hover\"  ><div class=\"dt-owl-item-inner \"><div  class=\"dt-owl-item-image layzr-bg img-css-resize-wrapper\"> <img decoding=\"async\" width=\"300\" height=\"250\" src=\"data:image\/svg+xml,%3Csvg%20xmlns%3D&#039;http%3A%2F%2Fwww.w3.org%2F2000%2Fsvg&#039;%20viewBox%3D&#039;0%200%20300%20250&#039;%2F%3E\" class=\"attachment-full size-full preload-me aspect lazy lazy-load\" alt=\"\" style=\"--ratio: 300 \/ 250;\" data-src=\"https:\/\/www.vexe.es\/wp-content\/uploads\/2023\/12\/LogoComergrup-1.gif\" loading=\"eager\" \/><\/div><h6  class=\"dt-owl-item-heading\">COMERGRUP<\/h6><\/div><\/div><div  class=\"dt-owl-item-wrap box-hover\"  ><div class=\"dt-owl-item-inner \"><div  class=\"dt-owl-item-image layzr-bg img-css-resize-wrapper\"> <img decoding=\"async\" width=\"325\" height=\"275\" src=\"data:image\/svg+xml,%3Csvg%20xmlns%3D&#039;http%3A%2F%2Fwww.w3.org%2F2000%2Fsvg&#039;%20viewBox%3D&#039;0%200%20325%20275&#039;%2F%3E\" class=\"attachment-full size-full preload-me aspect lazy lazy-load\" alt=\"\" style=\"--ratio: 325 \/ 275;\" data-src=\"https:\/\/www.vexe.es\/wp-content\/uploads\/2023\/12\/LogoNaturhouse-1.gif\" loading=\"eager\" \/><\/div><h6  class=\"dt-owl-item-heading\">Naturhouse<\/h6><\/div><\/div><div  class=\"dt-owl-item-wrap box-hover\"  ><div class=\"dt-owl-item-inner \"><div  class=\"dt-owl-item-image layzr-bg img-css-resize-wrapper\"> <img decoding=\"async\" width=\"400\" height=\"350\" src=\"data:image\/svg+xml,%3Csvg%20xmlns%3D&#039;http%3A%2F%2Fwww.w3.org%2F2000%2Fsvg&#039;%20viewBox%3D&#039;0%200%20400%20350&#039;%2F%3E\" class=\"attachment-full size-full preload-me aspect lazy lazy-load\" alt=\"\" style=\"--ratio: 400 \/ 350;\" data-src=\"https:\/\/www.vexe.es\/wp-content\/uploads\/2023\/12\/LogoSerrano-1.gif\" loading=\"eager\" \/><\/div><h6  class=\"dt-owl-item-heading\">Distribuciones Serrano<\/h6><\/div><\/div><div  class=\"dt-owl-item-wrap box-hover\"  ><div class=\"dt-owl-item-inner \"><div  class=\"dt-owl-item-image layzr-bg img-css-resize-wrapper\"> <img decoding=\"async\" width=\"550\" height=\"450\" src=\"data:image\/svg+xml,%3Csvg%20xmlns%3D&#039;http%3A%2F%2Fwww.w3.org%2F2000%2Fsvg&#039;%20viewBox%3D&#039;0%200%20550%20450&#039;%2F%3E\" class=\"attachment-full size-full preload-me aspect lazy lazy-load\" alt=\"\" style=\"--ratio: 550 \/ 450;\" data-src=\"https:\/\/www.vexe.es\/wp-content\/uploads\/2023\/12\/LogoACAVE-1.gif\" loading=\"eager\" \/><\/div><h6  class=\"dt-owl-item-heading\">ACAVE<\/h6><\/div><\/div><div  class=\"dt-owl-item-wrap box-hover\"  ><div class=\"dt-owl-item-inner \"><div  class=\"dt-owl-item-image layzr-bg img-css-resize-wrapper\"> <img decoding=\"async\" width=\"900\" height=\"600\" src=\"data:image\/svg+xml,%3Csvg%20xmlns%3D&#039;http%3A%2F%2Fwww.w3.org%2F2000%2Fsvg&#039;%20viewBox%3D&#039;0%200%20900%20600&#039;%2F%3E\" class=\"attachment-full size-full preload-me aspect lazy lazy-load\" alt=\"\" style=\"--ratio: 900 \/ 600;\" data-src=\"https:\/\/www.vexe.es\/wp-content\/uploads\/2023\/12\/LogoAnestalia-1.gif\" loading=\"eager\" \/><\/div><h6  class=\"dt-owl-item-heading\">Servei Central de Anestesiologia<\/h6><\/div><\/div><div  class=\"dt-owl-item-wrap box-hover\"  ><div class=\"dt-owl-item-inner \"><div  class=\"dt-owl-item-image layzr-bg img-css-resize-wrapper\"> <img decoding=\"async\" width=\"450\" height=\"375\" src=\"data:image\/svg+xml,%3Csvg%20xmlns%3D&#039;http%3A%2F%2Fwww.w3.org%2F2000%2Fsvg&#039;%20viewBox%3D&#039;0%200%20450%20375&#039;%2F%3E\" class=\"attachment-full size-full preload-me aspect lazy lazy-load\" alt=\"\" style=\"--ratio: 450 \/ 375;\" data-src=\"https:\/\/www.vexe.es\/wp-content\/uploads\/2023\/12\/LogoDiscer-1.gif\" loading=\"eager\" \/><\/div><h6  class=\"dt-owl-item-heading\">Discer<\/h6><\/div><\/div><div  class=\"dt-owl-item-wrap box-hover\"  ><div class=\"dt-owl-item-inner \"><div  class=\"dt-owl-item-image layzr-bg img-css-resize-wrapper\"> <img decoding=\"async\" width=\"800\" height=\"650\" src=\"data:image\/svg+xml,%3Csvg%20xmlns%3D&#039;http%3A%2F%2Fwww.w3.org%2F2000%2Fsvg&#039;%20viewBox%3D&#039;0%200%20800%20650&#039;%2F%3E\" class=\"attachment-full size-full preload-me aspect lazy lazy-load\" alt=\"\" style=\"--ratio: 800 \/ 650;\" data-src=\"https:\/\/www.vexe.es\/wp-content\/uploads\/2023\/12\/LogoDechra-2.gif\" loading=\"eager\" \/><\/div><h6  class=\"dt-owl-item-heading\">Dechra Veterinary<\/h6><\/div><\/div><div  class=\"dt-owl-item-wrap box-hover\"  ><div class=\"dt-owl-item-inner \"><div  class=\"dt-owl-item-image layzr-bg img-css-resize-wrapper\"> <img decoding=\"async\" width=\"300\" height=\"275\" src=\"data:image\/svg+xml,%3Csvg%20xmlns%3D&#039;http%3A%2F%2Fwww.w3.org%2F2000%2Fsvg&#039;%20viewBox%3D&#039;0%200%20300%20275&#039;%2F%3E\" class=\"attachment-full size-full preload-me aspect lazy lazy-load\" alt=\"\" style=\"--ratio: 300 \/ 275;\" data-src=\"https:\/\/www.vexe.es\/wp-content\/uploads\/2023\/12\/LogoMallorca.gif\" loading=\"eager\" \/><\/div><h6  class=\"dt-owl-item-heading\">Gasoses Mallorca<\/h6><\/div><\/div><div  class=\"dt-owl-item-wrap box-hover\"  ><div class=\"dt-owl-item-inner \"><div  class=\"dt-owl-item-image layzr-bg img-css-resize-wrapper\"> <img decoding=\"async\" width=\"900\" height=\"600\" src=\"data:image\/svg+xml,%3Csvg%20xmlns%3D&#039;http%3A%2F%2Fwww.w3.org%2F2000%2Fsvg&#039;%20viewBox%3D&#039;0%200%20900%20600&#039;%2F%3E\" class=\"attachment-full size-full preload-me aspect lazy lazy-load\" alt=\"\" style=\"--ratio: 900 \/ 600;\" data-src=\"https:\/\/www.vexe.es\/wp-content\/uploads\/2023\/12\/LogoFMC-1.gif\" loading=\"eager\" \/><\/div><h6  class=\"dt-owl-item-heading\">FMC - Federaci\u00f3 de Municipis de Catalunya<\/h6><\/div><\/div><div  class=\"dt-owl-item-wrap box-hover\"  ><div class=\"dt-owl-item-inner \"><div  class=\"dt-owl-item-image layzr-bg img-css-resize-wrapper\"> <img decoding=\"async\" width=\"350\" height=\"275\" src=\"data:image\/svg+xml,%3Csvg%20xmlns%3D&#039;http%3A%2F%2Fwww.w3.org%2F2000%2Fsvg&#039;%20viewBox%3D&#039;0%200%20350%20275&#039;%2F%3E\" class=\"attachment-full size-full preload-me aspect lazy lazy-load\" alt=\"\" sizes=\"(max-width: 350px) 100vw, 350px\" style=\"--ratio: 350 \/ 275;\" data-src=\"https:\/\/www.vexe.es\/wp-content\/uploads\/2023\/12\/LogoEdades.jpg\" loading=\"eager\" data-srcset=\"https:\/\/www.vexe.es\/wp-content\/uploads\/2023\/12\/LogoEdades.jpg 350w, https:\/\/www.vexe.es\/wp-content\/uploads\/2023\/12\/LogoEdades-300x236.jpg 300w\" \/><\/div><h6  class=\"dt-owl-item-heading\">Grupo Edades<\/h6><\/div><\/div><\/div><div class=\"owl-nav disabled\"><div class=\"owl-prev\" role=\"button\"><svg xmlns=\"http:\/\/www.w3.org\/2000\/svg\" viewBox=\"0 0 24 24\" width=\"24\" height=\"24\"><path fill=\"none\" d=\"M0 0h24v24H0z\"><\/path><path d=\"M10.828 12l4.95 4.95-1.414 1.414L8 12l6.364-6.364 1.414 1.414z\"><\/path><\/svg><\/div><div class=\"owl-next\" role=\"button\"><svg xmlns=\"http:\/\/www.w3.org\/2000\/svg\" viewBox=\"0 0 24 24\" width=\"24\" height=\"24\"><path fill=\"none\" d=\"M0 0h24v24H0z\"><\/path><path d=\"M13.172 12l-4.95-4.95 1.414-1.414L16 12l-6.364 6.364-1.414-1.414z\"><\/path><\/svg><\/div><\/div>\t\t\t\t<\/div>\n\t\t\t\t<\/div>\n\t\t\t\t\t<\/div>\n\t\t<\/div>\n\t\t\t\t\t<\/div>\n\t\t<\/section>\n\t\t\t\t<\/div>\n\t\t","protected":false},"excerpt":{"rendered":"<p>El nostre equip Formem l&#8217;equip m\u00e9s especialitzat en formaci\u00f3 en Tecnologies de la Informaci\u00f3 Descobreix la perfecta combinaci\u00f3 de quatre empreses l\u00edders: especialistes en peritatge inform\u00e0tic i an\u00e0lisi forense digital, investigaci\u00f3 privada, auditoria inform\u00e0tica, seguretat de la informaci\u00f3 i compliment legal. Oferim cursos integrals que fusionen coneixements t\u00e8cnics i seguretat jur\u00eddica. Millora les teves habilitats&hellip;<\/p>\n","protected":false},"author":1,"featured_media":0,"parent":0,"menu_order":20,"comment_status":"closed","ping_status":"closed","template":"","meta":{"footnotes":""},"course_category":[],"class_list":["post-9151","page","type-page","status-publish","hentry"],"_links":{"self":[{"href":"https:\/\/www.vexe.es\/ca\/wp-json\/wp\/v2\/pages\/9151","targetHints":{"allow":["GET"]}}],"collection":[{"href":"https:\/\/www.vexe.es\/ca\/wp-json\/wp\/v2\/pages"}],"about":[{"href":"https:\/\/www.vexe.es\/ca\/wp-json\/wp\/v2\/types\/page"}],"author":[{"embeddable":true,"href":"https:\/\/www.vexe.es\/ca\/wp-json\/wp\/v2\/users\/1"}],"replies":[{"embeddable":true,"href":"https:\/\/www.vexe.es\/ca\/wp-json\/wp\/v2\/comments?post=9151"}],"version-history":[{"count":16,"href":"https:\/\/www.vexe.es\/ca\/wp-json\/wp\/v2\/pages\/9151\/revisions"}],"predecessor-version":[{"id":9759,"href":"https:\/\/www.vexe.es\/ca\/wp-json\/wp\/v2\/pages\/9151\/revisions\/9759"}],"wp:attachment":[{"href":"https:\/\/www.vexe.es\/ca\/wp-json\/wp\/v2\/media?parent=9151"}],"wp:term":[{"taxonomy":"course_category","embeddable":true,"href":"https:\/\/www.vexe.es\/ca\/wp-json\/wp\/v2\/course_category?post=9151"}],"curies":[{"name":"wp","href":"https:\/\/api.w.org\/{rel}","templated":true}]}}